{"id":6603,"date":"2023-11-16T16:54:28","date_gmt":"2023-11-16T14:54:28","guid":{"rendered":"http:\/\/tozabljak.hola.rs\/?page_id=6603"},"modified":"2024-03-12T16:45:19","modified_gmt":"2024-03-12T14:45:19","slug":"auto-kampovi-2","status":"publish","type":"page","link":"https:\/\/tozabljak.hola.rs\/?page_id=6603","title":{"rendered":"AUTO KAMPOVI"},"content":{"rendered":"\n<div class=\"wp-block-columns header-columns is-layout-flex wp-container-4 wp-block-columns-is-layout-flex\">\n<div class=\"wp-block-column is-layout-flow wp-block-column-is-layout-flow\" style=\"flex-basis:10%\">\n<figure class=\"wp-block-image size-full back-image\"><img decoding=\"async\" loading=\"lazy\" width=\"57\" height=\"57\" src=\"http:\/\/tozabljak.hola.rs\/wp-content\/uploads\/2023\/05\/Back.png\" alt=\"\" class=\"wp-image-3616\"\/><\/figure>\n<\/div>\n\n\n\n<div class=\"wp-block-column is-layout-flow wp-block-column-is-layout-flow\" style=\"flex-basis:30%\"><\/div>\n\n\n\n<div class=\"wp-block-column last-header-column is-layout-flow wp-block-column-is-layout-flow\" style=\"flex-basis:60%\">\n\n<\/div>\n<\/div>\n\n\n\n<section class=\"wp-block-qi-blocks-columns qodef-gutenberg-section qodef--template qodef-block-7caa0f25 qodef-col-num--1 qodef-col-layout--100 qodef-content--full-width\"><div class=\"qodef-section-background-overlay\"><\/div><div class=\"qodef-gutenberg-row\">\n<div class=\"wp-block-qi-blocks-column qodef-gutenberg-column qodef-block-70a99e1e\"><div class=\"qodef-gutenberg-column-inner\">\n<figure class=\"wp-block-image size-full\"><img decoding=\"async\" loading=\"lazy\" width=\"1920\" height=\"700\" src=\"http:\/\/tozabljak.hola.rs\/wp-content\/uploads\/2023\/11\/kampovi-2.jpeg\" alt=\"\" class=\"wp-image-6610\" style=\"aspect-ratio:2.745308310991957;object-fit:cover\" srcset=\"https:\/\/tozabljak.hola.rs\/wp-content\/uploads\/2023\/11\/kampovi-2.jpeg 1920w, https:\/\/tozabljak.hola.rs\/wp-content\/uploads\/2023\/11\/kampovi-2-300x109.jpeg 300w, https:\/\/tozabljak.hola.rs\/wp-content\/uploads\/2023\/11\/kampovi-2-1024x373.jpeg 1024w, https:\/\/tozabljak.hola.rs\/wp-content\/uploads\/2023\/11\/kampovi-2-768x280.jpeg 768w, https:\/\/tozabljak.hola.rs\/wp-content\/uploads\/2023\/11\/kampovi-2-1536x560.jpeg 1536w, https:\/\/tozabljak.hola.rs\/wp-content\/uploads\/2023\/11\/kampovi-2-1568x572.jpeg 1568w\" sizes=\"(max-width: 1920px) 100vw, 1920px\" \/><\/figure>\n<\/div><\/div>\n<\/div><\/section>\n\n\n\n<div class=\"wp-block-qi-blocks-spacer qodef-block-container qodef-block-14efdcc1\"><div class=\"qi-block-spacer qodef-block qodef-m\"><\/div><\/div>\n\n\n\n<section class=\"wp-block-qi-blocks-columns qodef-gutenberg-section qodef--template qodef-block-e2190105 qodef-col-num--3 qodef-col-layout--16-66-16 qodef-content--boxed\"><div class=\"qodef-section-background-overlay\"><\/div><div class=\"qodef-gutenberg-row\">\n<div class=\"wp-block-qi-blocks-column qodef-gutenberg-column qodef-block-998ef8df\"><div class=\"qodef-gutenberg-column-inner\"><\/div><\/div>\n\n\n\n<div class=\"wp-block-qi-blocks-column qodef-gutenberg-column qodef-block-a0342d49\"><div class=\"qodef-gutenberg-column-inner\">\n<p><strong><mark style=\"background-color:rgba(0, 0, 0, 0)\" class=\"has-inline-color has-black-color\">Kampovanje je prilika da se pobjegne iz u\u017eurbane svakodnevnice, pove\u017ee sa prirodom i provede vrijeme sa porodicom i prijateljima. Kampovanje vam nudi mnoge prednosti, uklju\u010duju\u0107i fizi\u010dku aktivnost, opu\u0161tanje i avanturisti\u010dki duh. <\/mark><\/strong><\/p>\n<\/div><\/div>\n\n\n\n<div class=\"wp-block-qi-blocks-column qodef-gutenberg-column qodef-block-990f9dbb\"><div class=\"qodef-gutenberg-column-inner\"><\/div><\/div>\n<\/div><\/section>\n\n\n\n<section class=\"wp-block-qi-blocks-columns qodef-gutenberg-section qodef--template qodef-block-d59855d7 qodef-col-num--3 qodef-col-layout--16-66-16 qodef-content--boxed\"><div class=\"qodef-section-background-overlay\"><\/div><div class=\"qodef-gutenberg-row\">\n<div class=\"wp-block-qi-blocks-column qodef-gutenberg-column qodef-block-02e40d84\"><div class=\"qodef-gutenberg-column-inner\"><\/div><\/div>\n\n\n\n<div class=\"wp-block-qi-blocks-column qodef-gutenberg-column qodef-block-cb557256\"><div class=\"qodef-gutenberg-column-inner\">\n<p class=\"has-black-color has-text-color\"><strong>Kamp kod Bo\u0107e<\/strong><\/p>\n\n\n\n<div class=\"wp-block-qi-blocks-spacer qodef-block-container qodef-block-3300a74e\"><div class=\"qi-block-spacer qodef-block qodef-m\"><\/div><\/div>\n\n\n\n<p class=\"has-black-color has-text-color\">Auto kamp kod Bo\u0107e se nalazi 2.1km od centra Zabljaka na 1450m nadmorske visine u Nacionalnom parku Durmitor. Kamp kod Bo\u0107e ima 2000 m\u00b2 ogradjene povr\u0161ine sa smje\u0161tajnim kapacitetom od:<\/p>\n\n\n\n<p class=\"has-black-color has-text-color\">11 dvokrevetnih ku\u0107ica (bungalova)<\/p>\n\n\n\n<p class=\"has-black-color has-text-color\">50 \u0161atorskih mjesta, i 30 auto mjesta za kamp prikolice<\/p>\n\n\n\n<p class=\"has-black-color has-text-color\">4 tu\u0161 kabine, 6 wc-a, 9 umivaonika<\/p>\n\n\n\n<p class=\"has-black-color has-text-color\">3 mjesta za pranje ve\u0161a i planinarskih cipela<\/p>\n\n\n\n<p class=\"has-black-color has-text-color\">3 mjesta za su\u0161enje ve\u0161a 4 ladnika za sjedenje i odmaranje za 20 osoba<\/p>\n\n\n\n<p class=\"has-black-color has-text-color\">2 mjesta za lo\u017eenje vatre i spremanje ro\u0161tilja<\/p>\n\n\n\n<p class=\"has-black-color has-text-color\">Kuhinju sa rashladnim uredjajima, \u0161poretom i sudjem, trpezariju za 30 osoba<\/p>\n\n\n\n<p class=\"has-black-color has-text-color\">No\u0107u osvijetljen parking.<\/p>\n\n\n\n<p class=\"has-black-color has-text-color\">Kamp kod Boce je zahvaljujuci \u0161irokoj ponudi i kvalitetu usluge uvrsten u bro\u0161uru za kampere 2012.g ADAC Stellplatz Ohrer za Njemacku i nosi oznaku ADAC kvaliteta.<\/p>\n<\/div><\/div>\n\n\n\n<div class=\"wp-block-qi-blocks-column qodef-gutenberg-column qodef-block-4e730a59\"><div class=\"qodef-gutenberg-column-inner\"><\/div><\/div>\n<\/div><\/section>\n\n\n\n<section class=\"wp-block-qi-blocks-columns qodef-gutenberg-section qodef--template qodef-block-817a441c qodef-col-num--1 qodef-col-layout--100 qodef-content--full-width\"><div class=\"qodef-section-background-overlay\"><\/div><div class=\"qodef-gutenberg-row\">\n<div class=\"wp-block-qi-blocks-column qodef-gutenberg-column qodef-block-af69a1aa\"><div class=\"qodef-gutenberg-column-inner\">\n<figure class=\"wp-block-image size-full\"><img decoding=\"async\" loading=\"lazy\" width=\"2560\" height=\"1439\" src=\"https:\/\/tozabljak.hola.rs\/wp-content\/uploads\/2023\/12\/kamp-kod-boce-scaled.jpg\" alt=\"\" class=\"wp-image-7722\" srcset=\"https:\/\/tozabljak.hola.rs\/wp-content\/uploads\/2023\/12\/kamp-kod-boce-scaled.jpg 2560w, https:\/\/tozabljak.hola.rs\/wp-content\/uploads\/2023\/12\/kamp-kod-boce-scaled-300x169.jpg 300w, https:\/\/tozabljak.hola.rs\/wp-content\/uploads\/2023\/12\/kamp-kod-boce-scaled-1024x576.jpg 1024w, https:\/\/tozabljak.hola.rs\/wp-content\/uploads\/2023\/12\/kamp-kod-boce-scaled-768x432.jpg 768w, https:\/\/tozabljak.hola.rs\/wp-content\/uploads\/2023\/12\/kamp-kod-boce-scaled-1536x863.jpg 1536w, https:\/\/tozabljak.hola.rs\/wp-content\/uploads\/2023\/12\/kamp-kod-boce-scaled-2048x1151.jpg 2048w, https:\/\/tozabljak.hola.rs\/wp-content\/uploads\/2023\/12\/kamp-kod-boce-scaled-1568x881.jpg 1568w\" sizes=\"(max-width: 2560px) 100vw, 2560px\" \/><\/figure>\n\n\n\n<section class=\"wp-block-qi-blocks-columns qodef-gutenberg-section qodef--template qodef-block-24aabdd9 qodef-col-num--3 qodef-col-layout--16-66-16 qodef-content--boxed\"><div class=\"qodef-section-background-overlay\"><\/div><div class=\"qodef-gutenberg-row\">\n<div class=\"wp-block-qi-blocks-column qodef-gutenberg-column qodef-block-4859454a\"><div class=\"qodef-gutenberg-column-inner\"><\/div><\/div>\n\n\n\n<div class=\"wp-block-qi-blocks-column qodef-gutenberg-column qodef-block-ad8e5435\"><div class=\"qodef-gutenberg-column-inner\">\n<div class=\"wp-block-qi-blocks-spacer qodef-block-container qodef-block-22471837\"><div class=\"qi-block-spacer qodef-block qodef-m\"><\/div><\/div>\n\n\n\n<p class=\"has-black-color has-text-color\"><strong>Kamp Mlinski potok<\/strong><\/p>\n\n\n\n<div class=\"wp-block-qi-blocks-spacer qodef-block-container qodef-block-4e1ae170\"><div class=\"qi-block-spacer qodef-block qodef-m\"><\/div><\/div>\n\n\n\n<p class=\"has-black-color has-text-color\">Auto kamp \u201cMlinski potok\u201d nalazi se u nacionalnom parku Durmitor, na nadmorskoj visini od 1472m. Od centra grada je udaljen 2 km, a na 15 min hoda od kampa nalazi se Crno jezero. Kamp posjeduje 1.000m<sup>2<\/sup> prostora za kampovanje.<\/p>\n\n\n\n<p><\/p>\n\n\n\n<div class=\"wp-block-qi-blocks-spacer qodef-block-container qodef-block-b2a840fd\"><div class=\"qi-block-spacer qodef-block qodef-m\"><\/div><\/div>\n\n\n\n<p class=\"has-black-color has-text-color\">Kamp je opremljen toaletima, tu\u0161evima za toplu vodu, kuhinjom za samoposlu\u017eivanje, prostoriju za pranje I skladi\u0161tenje posu\u0111a. Za mobilne ku\u0107e sadr\u017ei priklju\u010dke za elektri\u010dnu energiju I sanitarni ure\u0111aj za odlaganje otpadnih voda.<\/p>\n\n\n\n<p class=\"has-black-color has-text-color\">Kamp Mlinski potok nalazi se na listama kamping vodi\u010da ADAC i ACSI.<\/p>\n<\/div><\/div>\n\n\n\n<div class=\"wp-block-qi-blocks-column qodef-gutenberg-column qodef-block-21d43c73\"><div class=\"qodef-gutenberg-column-inner\"><\/div><\/div>\n<\/div><\/section>\n\n\n\n<section class=\"wp-block-qi-blocks-columns qodef-gutenberg-section qodef--template qodef-block-e71155fa qodef-col-num--2 qodef-col-layout--50 qodef-content--boxed\"><div class=\"qodef-section-background-overlay\"><\/div><div class=\"qodef-gutenberg-row\">\n<div class=\"wp-block-qi-blocks-column qodef-gutenberg-column qodef-block-888326ce\"><div class=\"qodef-gutenberg-column-inner\">\n<figure class=\"wp-block-image size-full\"><img decoding=\"async\" loading=\"lazy\" width=\"960\" height=\"723\" src=\"https:\/\/tozabljak.hola.rs\/wp-content\/uploads\/2023\/12\/mlinski-potok1.jpg\" alt=\"\" class=\"wp-image-7751\" srcset=\"https:\/\/tozabljak.hola.rs\/wp-content\/uploads\/2023\/12\/mlinski-potok1.jpg 960w, https:\/\/tozabljak.hola.rs\/wp-content\/uploads\/2023\/12\/mlinski-potok1-300x226.jpg 300w, https:\/\/tozabljak.hola.rs\/wp-content\/uploads\/2023\/12\/mlinski-potok1-768x578.jpg 768w\" sizes=\"(max-width: 960px) 100vw, 960px\" \/><\/figure>\n<\/div><\/div>\n\n\n\n<div class=\"wp-block-qi-blocks-column qodef-gutenberg-column qodef-block-ec8ffd84\"><div class=\"qodef-gutenberg-column-inner\">\n<figure class=\"wp-block-image size-full\"><img decoding=\"async\" loading=\"lazy\" width=\"960\" height=\"720\" src=\"https:\/\/tozabljak.hola.rs\/wp-content\/uploads\/2023\/12\/96259176-135537944747906-6054135279957049344-n.jpg\" alt=\"\" class=\"wp-image-7752\" srcset=\"https:\/\/tozabljak.hola.rs\/wp-content\/uploads\/2023\/12\/96259176-135537944747906-6054135279957049344-n.jpg 960w, https:\/\/tozabljak.hola.rs\/wp-content\/uploads\/2023\/12\/96259176-135537944747906-6054135279957049344-n-300x225.jpg 300w, https:\/\/tozabljak.hola.rs\/wp-content\/uploads\/2023\/12\/96259176-135537944747906-6054135279957049344-n-768x576.jpg 768w\" sizes=\"(max-width: 960px) 100vw, 960px\" \/><\/figure>\n<\/div><\/div>\n<\/div><\/section>\n\n\n\n<div class=\"wp-block-qi-blocks-spacer qodef-block-container qodef-block-52480053\"><div class=\"qi-block-spacer qodef-block qodef-m\"><\/div><\/div>\n<\/div><\/div>\n<\/div><\/section>\n\n\n\n<section class=\"wp-block-qi-blocks-columns qodef-gutenberg-section qodef--template qodef-block-ca6dc23e qodef-col-num--3 qodef-col-layout--16-66-16 qodef-content--boxed\"><div class=\"qodef-section-background-overlay\"><\/div><div class=\"qodef-gutenberg-row\">\n<div class=\"wp-block-qi-blocks-column qodef-gutenberg-column qodef-block-8c9441fc\"><div class=\"qodef-gutenberg-column-inner\"><\/div><\/div>\n\n\n\n<div class=\"wp-block-qi-blocks-column qodef-gutenberg-column qodef-block-1d530b8a\"><div class=\"qodef-gutenberg-column-inner\">\n<p class=\"has-black-color has-text-color\"><strong>NA SAJTU TURISTI\u010cKE ORGANIZACIJE MO\u017dETE PRONA\u0106I VI\u0160E INFORMACIJA.<br><\/strong><\/p>\n\n\n\n<div class=\"wp-block-qi-blocks-spacer qodef-block-container qodef-block-803af353\"><div class=\"qi-block-spacer qodef-block qodef-m\"><\/div><\/div>\n<\/div><\/div>\n\n\n\n<div class=\"wp-block-qi-blocks-column qodef-gutenberg-column qodef-block-0d3b019e\"><div class=\"qodef-gutenberg-column-inner\"><\/div><\/div>\n<\/div><\/section>\n","protected":false},"excerpt":{"rendered":"","protected":false},"author":1,"featured_media":0,"parent":0,"menu_order":0,"comment_status":"closed","ping_status":"closed","template":"","meta":{"footnotes":""},"_links":{"self":[{"href":"https:\/\/tozabljak.hola.rs\/index.php?rest_route=\/wp\/v2\/pages\/6603"}],"collection":[{"href":"https:\/\/tozabljak.hola.rs\/index.php?rest_route=\/wp\/v2\/pages"}],"about":[{"href":"https:\/\/tozabljak.hola.rs\/index.php?rest_route=\/wp\/v2\/types\/page"}],"author":[{"embeddable":true,"href":"https:\/\/tozabljak.hola.rs\/index.php?rest_route=\/wp\/v2\/users\/1"}],"replies":[{"embeddable":true,"href":"https:\/\/tozabljak.hola.rs\/index.php?rest_route=%2Fwp%2Fv2%2Fcomments&post=6603"}],"version-history":[{"count":45,"href":"https:\/\/tozabljak.hola.rs\/index.php?rest_route=\/wp\/v2\/pages\/6603\/revisions"}],"predecessor-version":[{"id":7928,"href":"https:\/\/tozabljak.hola.rs\/index.php?rest_route=\/wp\/v2\/pages\/6603\/revisions\/7928"}],"wp:attachment":[{"href":"https:\/\/tozabljak.hola.rs\/index.php?rest_route=%2Fwp%2Fv2%2Fmedia&parent=6603"}],"curies":[{"name":"wp","href":"https:\/\/api.w.org\/{rel}","templated":true}]}}